
{"id":128,"date":"2022-09-29T16:10:17","date_gmt":"2022-09-29T16:10:17","guid":{"rendered":"https:\/\/pjcanindeyu.gov.py\/?page_id=128"},"modified":"2023-04-03T11:44:39","modified_gmt":"2023-04-03T11:44:39","slug":"juzgados-de-primera-instancia","status":"publish","type":"page","link":"https:\/\/pjcanindeyu.gov.py\/?page_id=128","title":{"rendered":"Juzgados de Primera Instancia"},"content":{"rendered":"\n<p class=\"font-weight: 600\"><strong>Los Juzgados y Tribunales de la Rep\u00fablica del Paraguay se encuentran separados en raz\u00f3n de la materia en diferentes fueros con sus respectivas competencias. Esto surge ante la necesidad de la distribuci\u00f3n de trabajo de los organismos judiciales y su especializaci\u00f3n.<\/strong><\/p>\n\n\n\n<p>Es as\u00ed que la funci\u00f3n jurisdiccional puede recaer sobre diferentes \u00e1mbitos de las relaciones jur\u00eddicas. Por ejemplo: cuestiones laborales, civiles y comerciales, de la ni\u00f1ez y la adolescencia, y los conflictos que se suscitan en materia criminal.<\/p>\n\n\n\n<p>Por \u00faltimo, es importante aclarar que, aunque todos los magistrados judiciales tienen jurisdicci\u00f3n, pues cuentan con el poder de administrar justicia, no todos pueden entender en determinados asuntos, y esto es lo que conocemos como la competencia.<\/p>\n\n\n\n<h5 class=\"wp-block-heading\" id=\"font-weight:-800\"><strong>Fueros<\/strong><\/h5>\n\n\n\n<ul class=\"wp-block-list\" style=\"font-size:15px\">\n<li><strong><a href=\"https:\/\/pjcanindeyu.gov.py\/?page_id=154\">Civil, Comercial y Laboral<\/a><\/strong><\/li>\n\n\n\n<li><strong><a href=\"https:\/\/pjcanindeyu.gov.py\/?page_id=205\">Ni\u00f1ez y la Adolescencia<\/a><\/strong><\/li>\n\n\n\n<li><strong><a href=\"https:\/\/pjcanindeyu.gov.py\/?page_id=549\">Penal de Garant\u00edas<\/a><\/strong><\/li>\n\n\n\n<li><strong><a href=\"https:\/\/pjcanindeyu.gov.py\/?page_id=600\">Penal de Sentencias<\/a><\/strong><\/li>\n\n\n\n<li><strong><a href=\"https:\/\/pjcanindeyu.gov.py\/penal-de-la-adolescencia\/\">Penal Adolescente<\/a><\/strong><\/li>\n\n\n\n<li><strong><a href=\"https:\/\/pjcanindeyu.gov.py\/?page_id=200\">Penal de Ejecuci\u00f3n<\/a><\/strong><\/li>\n<\/ul>\n","protected":false},"excerpt":{"rendered":"<p>Los Juzgados y Tribunales de la Rep\u00fablica del Paraguay se encuentran separados en raz\u00f3n de la materia en diferentes fueros con sus respectivas competencias. Esto surge ante la necesidad de la distribuci\u00f3n de trabajo de los organismos judiciales y su especializaci\u00f3n. Es as\u00ed que la funci\u00f3n jurisdiccional puede recaer sobre [&hellip;]<\/p>\n","protected":false},"author":1,"featured_media":0,"parent":0,"menu_order":0,"comment_status":"closed","ping_status":"closed","template":"","meta":{"footnotes":""},"class_list":["post-128","page","type-page","status-publish","hentry"],"_links":{"self":[{"href":"https:\/\/pjcanindeyu.gov.py\/index.php?rest_route=\/wp\/v2\/pages\/128","targetHints":{"allow":["GET"]}}],"collection":[{"href":"https:\/\/pjcanindeyu.gov.py\/index.php?rest_route=\/wp\/v2\/pages"}],"about":[{"href":"https:\/\/pjcanindeyu.gov.py\/index.php?rest_route=\/wp\/v2\/types\/page"}],"author":[{"embeddable":true,"href":"https:\/\/pjcanindeyu.gov.py\/index.php?rest_route=\/wp\/v2\/users\/1"}],"replies":[{"embeddable":true,"href":"https:\/\/pjcanindeyu.gov.py\/index.php?rest_route=%2Fwp%2Fv2%2Fcomments&post=128"}],"version-history":[{"count":2,"href":"https:\/\/pjcanindeyu.gov.py\/index.php?rest_route=\/wp\/v2\/pages\/128\/revisions"}],"predecessor-version":[{"id":2135,"href":"https:\/\/pjcanindeyu.gov.py\/index.php?rest_route=\/wp\/v2\/pages\/128\/revisions\/2135"}],"wp:attachment":[{"href":"https:\/\/pjcanindeyu.gov.py\/index.php?rest_route=%2Fwp%2Fv2%2Fmedia&parent=128"}],"curies":[{"name":"wp","href":"https:\/\/api.w.org\/{rel}","templated":true}]}}