
{"id":139,"date":"2022-09-29T16:56:30","date_gmt":"2022-09-29T16:56:30","guid":{"rendered":"https:\/\/pjcanindeyu.gov.py\/?page_id=139"},"modified":"2023-10-12T06:52:55","modified_gmt":"2023-10-12T10:52:55","slug":"tribunal-de-apelaciones","status":"publish","type":"page","link":"https:\/\/pjcanindeyu.gov.py\/?page_id=139","title":{"rendered":"Tribunal de Apelaciones"},"content":{"rendered":"\n<h4 class=\"wp-block-heading\">Funciones<\/h4>\n\n\n\n<p style=\"font-size:16px\">Los Tribunales de Apelaci\u00f3n en los distintos fueros y en todas las circunscripciones judiciales del pa\u00eds son la segunda instancia que tiene el usuario de justicia para recurrir.<\/p>\n\n\n\n<p style=\"font-size:16px\">Las funciones de los Tribunales de Apelaci\u00f3n ser\u00e1n:<\/p>\n\n\n\n<p style=\"font-size:16px\">      &#8211; La sustanciaci\u00f3n y resoluci\u00f3n del recurso de apelaci\u00f3n, seg\u00fan las reglas establecidas por este c\u00f3digo.<br>       &#8211; La recusaci\u00f3n del juez penal y de los miembros del tribunal de sentencia.<br>      &#8211; Las quejas por retardo de justicia contra los jueces penales y tribunales de sentencia.<\/p>\n\n\n\n<p class=\"font-weight: 600;\" style=\"font-size:16px\"><strong>Fuente: C\u00f3digo de Organizaci\u00f3n Judicial<\/strong><\/p>\n\n\n\n<h3 class=\"wp-block-heading\">Magistrados del Tribunal de Apelaciones Multifuero de la Circunscripci\u00f3n Judicial de Canindey\u00fa<\/h3>\n\n\n\n<div class=\"wp-block-media-text is-stacked-on-mobile is-vertically-aligned-center\" style=\"grid-template-columns:24% auto\"><figure class=\"wp-block-media-text__media\"><img loading=\"lazy\" decoding=\"async\" width=\"392\" height=\"392\" src=\"https:\/\/pjcanindeyu.gov.py\/wp-content\/uploads\/2023\/03\/Abg.-Gustavo-Britez.png\" alt=\"\" class=\"wp-image-1905 size-full\" srcset=\"https:\/\/pjcanindeyu.gov.py\/wp-content\/uploads\/2023\/03\/Abg.-Gustavo-Britez.png 392w, https:\/\/pjcanindeyu.gov.py\/wp-content\/uploads\/2023\/03\/Abg.-Gustavo-Britez-300x300.png 300w, https:\/\/pjcanindeyu.gov.py\/wp-content\/uploads\/2023\/03\/Abg.-Gustavo-Britez-150x150.png 150w\" sizes=\"auto, (max-width: 392px) 100vw, 392px\" \/><\/figure><div class=\"wp-block-media-text__content\">\n<h5 class=\"wp-block-heading\">Abg. Gustavo Hern\u00e1n Br\u00edtez Miranda<\/h5>\n\n\n\n<p>&#8211; Presidente del Tribunal de Apelaci\u00f3n Multifuero<br>&#8211; Presidente del Consejo de Administraci\u00f3n de la XV Circunscripci\u00f3n Judicial.<\/p>\n<\/div><\/div>\n\n\n\n<hr class=\"wp-block-separator has-alpha-channel-opacity\"\/>\n\n\n\n<div class=\"wp-block-media-text is-stacked-on-mobile\" style=\"grid-template-columns:24% auto\"><figure class=\"wp-block-media-text__media\"><img loading=\"lazy\" decoding=\"async\" width=\"391\" height=\"393\" src=\"https:\/\/pjcanindeyu.gov.py\/wp-content\/uploads\/2023\/03\/caarlos2.png\" alt=\"\" class=\"wp-image-1917 size-full\" srcset=\"https:\/\/pjcanindeyu.gov.py\/wp-content\/uploads\/2023\/03\/caarlos2.png 391w, https:\/\/pjcanindeyu.gov.py\/wp-content\/uploads\/2023\/03\/caarlos2-298x300.png 298w, https:\/\/pjcanindeyu.gov.py\/wp-content\/uploads\/2023\/03\/caarlos2-150x150.png 150w\" sizes=\"auto, (max-width: 391px) 100vw, 391px\" \/><\/figure><div class=\"wp-block-media-text__content\">\n<h5 class=\"wp-block-heading\">Abg. Carlos Antonio Dom\u00ednguez Rol\u00f3n <\/h5>\n\n\n\n<p>&#8211; Miembro del Tribunal de Apelaci\u00f3n Multifuero<br>&#8211; Vicepresidente Primero del Consejo de Administraci\u00f3n de la XV Circunscripci\u00f3n Judicial.<\/p>\n<\/div><\/div>\n\n\n\n<hr class=\"wp-block-separator has-alpha-channel-opacity\"\/>\n\n\n\n<div class=\"wp-block-media-text is-stacked-on-mobile\" style=\"grid-template-columns:24% auto\"><figure class=\"wp-block-media-text__media\"><img loading=\"lazy\" decoding=\"async\" width=\"373\" height=\"350\" src=\"https:\/\/pjcanindeyu.gov.py\/wp-content\/uploads\/2023\/03\/Abg.-Edith-Martinez.png\" alt=\"\" class=\"wp-image-1904 size-full\" srcset=\"https:\/\/pjcanindeyu.gov.py\/wp-content\/uploads\/2023\/03\/Abg.-Edith-Martinez.png 373w, https:\/\/pjcanindeyu.gov.py\/wp-content\/uploads\/2023\/03\/Abg.-Edith-Martinez-300x282.png 300w\" sizes=\"auto, (max-width: 373px) 100vw, 373px\" \/><\/figure><div class=\"wp-block-media-text__content\">\n<h5 class=\"wp-block-heading\">Abg. Edith Purificaci\u00f3n Mart\u00ednez Aquino<\/h5>\n\n\n\n<p>&#8211; Miembro del Tribunal de Apelaci\u00f3n Multifuero.<br>&#8211; Vicepresidente Segunda del Consejo de Administraci\u00f3n de la XV Circunscripci\u00f3n Judicial<\/p>\n<\/div><\/div>\n\n\n\n<hr class=\"wp-block-separator has-alpha-channel-opacity\"\/>\n\n\n\n<div class=\"wp-block-media-text is-stacked-on-mobile\" style=\"grid-template-columns:24% auto\"><figure class=\"wp-block-media-text__media\"><img loading=\"lazy\" decoding=\"async\" width=\"1024\" height=\"682\" src=\"https:\/\/pjcanindeyu.gov.py\/wp-content\/uploads\/2023\/10\/Zelaya-1-1024x682.jpeg\" alt=\"\" class=\"wp-image-2732 size-full\" srcset=\"https:\/\/pjcanindeyu.gov.py\/wp-content\/uploads\/2023\/10\/Zelaya-1-1024x682.jpeg 1024w, https:\/\/pjcanindeyu.gov.py\/wp-content\/uploads\/2023\/10\/Zelaya-1-300x200.jpeg 300w, https:\/\/pjcanindeyu.gov.py\/wp-content\/uploads\/2023\/10\/Zelaya-1-768x512.jpeg 768w, https:\/\/pjcanindeyu.gov.py\/wp-content\/uploads\/2023\/10\/Zelaya-1-1536x1023.jpeg 1536w, https:\/\/pjcanindeyu.gov.py\/wp-content\/uploads\/2023\/10\/Zelaya-1.jpeg 1600w\" sizes=\"auto, (max-width: 1024px) 100vw, 1024px\" \/><\/figure><div class=\"wp-block-media-text__content\">\n<h5 class=\"wp-block-heading\">Abg. Ram\u00f3n Trinidad Zelaya Bogado<\/h5>\n\n\n\n<p>&#8211; Miembro del Tribunal de Apelaci\u00f3n Penal<br><\/p>\n<\/div><\/div>\n\n\n\n<hr class=\"wp-block-separator has-alpha-channel-opacity\"\/>\n\n\n\n<div class=\"wp-block-media-text is-stacked-on-mobile\" style=\"grid-template-columns:24% auto\"><figure class=\"wp-block-media-text__media\"><img loading=\"lazy\" decoding=\"async\" width=\"768\" height=\"551\" src=\"https:\/\/pjcanindeyu.gov.py\/wp-content\/uploads\/2023\/10\/Lumi-1.jpeg\" alt=\"\" class=\"wp-image-2733 size-full\" srcset=\"https:\/\/pjcanindeyu.gov.py\/wp-content\/uploads\/2023\/10\/Lumi-1.jpeg 768w, https:\/\/pjcanindeyu.gov.py\/wp-content\/uploads\/2023\/10\/Lumi-1-300x215.jpeg 300w\" sizes=\"auto, (max-width: 768px) 100vw, 768px\" \/><\/figure><div class=\"wp-block-media-text__content\">\n<h5 class=\"wp-block-heading\">Abg. Luz Mar\u00eda Teresita Torres Esquivel<\/h5>\n\n\n\n<p>&#8211; Miembro del Tribunal de Apelaci\u00f3n Penal<\/p>\n<\/div><\/div>\n","protected":false},"excerpt":{"rendered":"<p>Funciones Los Tribunales de Apelaci\u00f3n en los distintos fueros y en todas las circunscripciones judiciales del pa\u00eds son la segunda instancia que tiene el usuario de justicia para recurrir. Las funciones de los Tribunales de Apelaci\u00f3n ser\u00e1n: &#8211; La sustanciaci\u00f3n y resoluci\u00f3n del recurso de apelaci\u00f3n, seg\u00fan las reglas establecidas [&hellip;]<\/p>\n","protected":false},"author":1,"featured_media":0,"parent":0,"menu_order":0,"comment_status":"closed","ping_status":"closed","template":"","meta":{"footnotes":""},"class_list":["post-139","page","type-page","status-publish","hentry"],"_links":{"self":[{"href":"https:\/\/pjcanindeyu.gov.py\/index.php?rest_route=\/wp\/v2\/pages\/139","targetHints":{"allow":["GET"]}}],"collection":[{"href":"https:\/\/pjcanindeyu.gov.py\/index.php?rest_route=\/wp\/v2\/pages"}],"about":[{"href":"https:\/\/pjcanindeyu.gov.py\/index.php?rest_route=\/wp\/v2\/types\/page"}],"author":[{"embeddable":true,"href":"https:\/\/pjcanindeyu.gov.py\/index.php?rest_route=\/wp\/v2\/users\/1"}],"replies":[{"embeddable":true,"href":"https:\/\/pjcanindeyu.gov.py\/index.php?rest_route=%2Fwp%2Fv2%2Fcomments&post=139"}],"version-history":[{"count":2,"href":"https:\/\/pjcanindeyu.gov.py\/index.php?rest_route=\/wp\/v2\/pages\/139\/revisions"}],"predecessor-version":[{"id":2734,"href":"https:\/\/pjcanindeyu.gov.py\/index.php?rest_route=\/wp\/v2\/pages\/139\/revisions\/2734"}],"wp:attachment":[{"href":"https:\/\/pjcanindeyu.gov.py\/index.php?rest_route=%2Fwp%2Fv2%2Fmedia&parent=139"}],"curies":[{"name":"wp","href":"https:\/\/api.w.org\/{rel}","templated":true}]}}