
{"id":205,"date":"2022-09-29T21:16:01","date_gmt":"2022-09-29T21:16:01","guid":{"rendered":"https:\/\/pjcanindeyu.gov.py\/?page_id=205"},"modified":"2023-10-12T06:49:09","modified_gmt":"2023-10-12T10:49:09","slug":"ninez-y-adolescencia","status":"publish","type":"page","link":"https:\/\/pjcanindeyu.gov.py\/?page_id=205","title":{"rendered":"Juzgado de la Ni\u00f1ez y Adolescencia"},"content":{"rendered":"\n<p>El Juzgado de la Ni\u00f1ez, de acuerdo al Art. 161 del C\u00f3digo de la Ni\u00f1ez y la Adolescencia (Ley 1680\/1) tiene a su cargo las cuestiones relacionadas a:<\/p>\n\n\n\n<ul class=\"wp-block-list\" start=\"1\" style=\"font-size:15px\">\n<li>a) la filiaci\u00f3n;<\/li>\n\n\n\n<li>b) al ejercicio, suspensi\u00f3n o p\u00e9rdida de la patria potestad sobre los hijos;<\/li>\n\n\n\n<li>c) la designaci\u00f3n o remoci\u00f3n de los tutores;<\/li>\n\n\n\n<li>d) las reclamaciones de ayuda prenatal y protecci\u00f3n a la maternidad;<\/li>\n\n\n\n<li>e) los pedidos de fijaci\u00f3n de cuota alimentaria;<\/li>\n\n\n\n<li>f) los casos de guarda, abrigo y convivencia familiar;<\/li>\n\n\n\n<li>g) las demandas por incumplimiento de las disposiciones relativas a salud, educaci\u00f3n y trabajo de ni\u00f1os y adolescentes;<\/li>\n\n\n\n<li>h) los casos derivados por la Consejer\u00eda Municipal por los Derechos del Ni\u00f1o, Ni\u00f1a y Adolescente (CODENI);<\/li>\n\n\n\n<li>i) los casos de maltrato de ni\u00f1os o adolescentes que no constituyan hechos punibles;<\/li>\n\n\n\n<li>j) las venias judiciales;<\/li>\n\n\n\n<li>k) la adopci\u00f3n de ni\u00f1os o adolescentes;<\/li>\n\n\n\n<li>l) las medidas para hacer efectivo el cumplimiento de los derechos del ni\u00f1o o adolescente; y,<\/li>\n\n\n\n<li>m) las dem\u00e1s medidas establecidas por este C\u00f3digo.<\/li>\n<\/ul>\n\n\n\n<p><strong>Fuente:&nbsp;<\/strong>Ley 1680\/01.- C\u00f3digo de la Ni\u00f1ez y la Adolescencia<\/p>\n\n\n\n<hr class=\"wp-block-separator has-alpha-channel-opacity\"\/>\n\n\n\n<p><\/p>\n\n\n\n<h5 class=\"wp-block-heading\">Magistrados de Primera Instancia en el Fuero de la Ni\u00f1ez y Adolescencia de la Circunscripci\u00f3n Judicial de Canindey\u00fa<\/h5>\n\n\n\n<p>Localidades<\/p>\n\n\n\n<div class=\"wp-block-group\"><div class=\"wp-block-group__inner-container is-layout-flow wp-block-group-is-layout-flow\">\n<p class=\"accordion\">Salto del Guair\u00e1<\/p>\n\n\n\n<div class=\"wp-block-group panel\"><div class=\"wp-block-group__inner-container is-layout-flow wp-block-group-is-layout-flow\">\n<div class=\"wp-block-columns is-layout-flex wp-container-core-columns-is-layout-9d6595d7 wp-block-columns-is-layout-flex\">\n<div class=\"wp-block-column is-layout-flow wp-block-column-is-layout-flow\" style=\"flex-basis:100%\">\n<div class=\"wp-block-media-text alignwide is-stacked-on-mobile\" style=\"grid-template-columns:23% auto\"><figure class=\"wp-block-media-text__media\"><img decoding=\"async\" src=\"https:\/\/live.staticflickr.com\/65535\/52393438939_07860a6fda_w.jpg\" alt=\"\"\/><\/figure><div class=\"wp-block-media-text__content\">\n<p class=\"has-text-align-left\"><strong>Abg. Rut Dominga Contrera Martinez<\/strong><\/p>\n\n\n\n<p class=\"has-text-align-left\">Jueza de la Ni\u00f1ez y la Adolescencia de Salto del Guair\u00e1<\/p>\n<\/div><\/div>\n<\/div>\n<\/div>\n\n\n\n<p class=\"has-text-align-center\"><\/p>\n<\/div><\/div>\n\n\n\n<p class=\"accordion\">Curuguaty<\/p>\n\n\n\n<div class=\"wp-block-group panel\"><div class=\"wp-block-group__inner-container is-layout-flow wp-block-group-is-layout-flow\">\n<div class=\"wp-block-columns is-layout-flex wp-container-core-columns-is-layout-9d6595d7 wp-block-columns-is-layout-flex\">\n<div class=\"wp-block-column is-layout-flow wp-block-column-is-layout-flow\" style=\"flex-basis:100%\">\n<div class=\"wp-block-media-text alignwide is-stacked-on-mobile\" style=\"grid-template-columns:23% auto\"><figure class=\"wp-block-media-text__media\"><img loading=\"lazy\" decoding=\"async\" width=\"1009\" height=\"1024\" src=\"https:\/\/pjcanindeyu.gov.py\/wp-content\/uploads\/2023\/10\/Nancy-Morel-1009x1024.png\" alt=\"\" class=\"wp-image-2729 size-full\" srcset=\"https:\/\/pjcanindeyu.gov.py\/wp-content\/uploads\/2023\/10\/Nancy-Morel-1009x1024.png 1009w, https:\/\/pjcanindeyu.gov.py\/wp-content\/uploads\/2023\/10\/Nancy-Morel-296x300.png 296w, https:\/\/pjcanindeyu.gov.py\/wp-content\/uploads\/2023\/10\/Nancy-Morel-768x780.png 768w, https:\/\/pjcanindeyu.gov.py\/wp-content\/uploads\/2023\/10\/Nancy-Morel-1513x1536.png 1513w, https:\/\/pjcanindeyu.gov.py\/wp-content\/uploads\/2023\/10\/Nancy-Morel-2017x2048.png 2017w\" sizes=\"auto, (max-width: 1009px) 100vw, 1009px\" \/><\/figure><div class=\"wp-block-media-text__content\">\n<p class=\"has-text-align-center\"><strong>Abg. Nancy Mabel Morel Ayala<\/strong><\/p>\n\n\n\n<p class=\"has-text-align-center\">Jueza de la Ni\u00f1ez y la Adolescencia de Curuguaty<\/p>\n<\/div><\/div>\n<\/div>\n<\/div>\n\n\n\n<div class=\"wp-block-columns is-layout-flex wp-container-core-columns-is-layout-9d6595d7 wp-block-columns-is-layout-flex\">\n<div class=\"wp-block-column is-layout-flow wp-block-column-is-layout-flow\" style=\"flex-basis:100%\"><\/div>\n<\/div>\n<\/div><\/div>\n\n\n\n<p class=\"accordion\">Katuete<\/p>\n\n\n\n<div class=\"wp-block-group panel\"><div class=\"wp-block-group__inner-container is-layout-flow wp-block-group-is-layout-flow\">\n<div class=\"wp-block-columns is-layout-flex wp-container-core-columns-is-layout-9d6595d7 wp-block-columns-is-layout-flex\">\n<div class=\"wp-block-column is-layout-flow wp-block-column-is-layout-flow\" style=\"flex-basis:100%\">\n<div class=\"wp-block-media-text alignwide is-stacked-on-mobile\" style=\"grid-template-columns:22% auto\"><figure class=\"wp-block-media-text__media\"><img decoding=\"async\" src=\"https:\/\/live.staticflickr.com\/65535\/52393439044_1c8165ec4c_w.jpg\" alt=\"\"\/><\/figure><div class=\"wp-block-media-text__content\">\n<p class=\"has-text-align-center\"><strong>Abg. Josefina Melgarejo Gunsett<\/strong><\/p>\n\n\n\n<p class=\"has-text-align-center\">Jueza Civil, Comercial, Laboral y de la Ni\u00f1ez y la Adolescencia de Katuete<\/p>\n<\/div><\/div>\n<\/div>\n<\/div>\n\n\n\n<p class=\"has-text-align-center\"><\/p>\n<\/div><\/div>\n<\/div><\/div>\n","protected":false},"excerpt":{"rendered":"<p>El Juzgado de la Ni\u00f1ez, de acuerdo al Art. 161 del C\u00f3digo de la Ni\u00f1ez y la Adolescencia (Ley 1680\/1) tiene a su cargo las cuestiones relacionadas a: Fuente:&nbsp;Ley 1680\/01.- C\u00f3digo de la Ni\u00f1ez y la Adolescencia Magistrados de Primera Instancia en el Fuero de la Ni\u00f1ez y Adolescencia de [&hellip;]<\/p>\n","protected":false},"author":1,"featured_media":0,"parent":128,"menu_order":2,"comment_status":"closed","ping_status":"closed","template":"","meta":{"footnotes":""},"class_list":["post-205","page","type-page","status-publish","hentry"],"_links":{"self":[{"href":"https:\/\/pjcanindeyu.gov.py\/index.php?rest_route=\/wp\/v2\/pages\/205","targetHints":{"allow":["GET"]}}],"collection":[{"href":"https:\/\/pjcanindeyu.gov.py\/index.php?rest_route=\/wp\/v2\/pages"}],"about":[{"href":"https:\/\/pjcanindeyu.gov.py\/index.php?rest_route=\/wp\/v2\/types\/page"}],"author":[{"embeddable":true,"href":"https:\/\/pjcanindeyu.gov.py\/index.php?rest_route=\/wp\/v2\/users\/1"}],"replies":[{"embeddable":true,"href":"https:\/\/pjcanindeyu.gov.py\/index.php?rest_route=%2Fwp%2Fv2%2Fcomments&post=205"}],"version-history":[{"count":2,"href":"https:\/\/pjcanindeyu.gov.py\/index.php?rest_route=\/wp\/v2\/pages\/205\/revisions"}],"predecessor-version":[{"id":2730,"href":"https:\/\/pjcanindeyu.gov.py\/index.php?rest_route=\/wp\/v2\/pages\/205\/revisions\/2730"}],"up":[{"embeddable":true,"href":"https:\/\/pjcanindeyu.gov.py\/index.php?rest_route=\/wp\/v2\/pages\/128"}],"wp:attachment":[{"href":"https:\/\/pjcanindeyu.gov.py\/index.php?rest_route=%2Fwp%2Fv2%2Fmedia&parent=205"}],"curies":[{"name":"wp","href":"https:\/\/api.w.org\/{rel}","templated":true}]}}