
{"id":27,"date":"2022-09-14T16:53:40","date_gmt":"2022-09-14T16:53:40","guid":{"rendered":"https:\/\/pjcanindeyu.gov.py\/?page_id=27"},"modified":"2024-01-29T06:49:38","modified_gmt":"2024-01-29T10:49:38","slug":"contacto","status":"publish","type":"page","link":"https:\/\/pjcanindeyu.gov.py\/?page_id=27","title":{"rendered":"Contactos"},"content":{"rendered":"\n<figure class=\"wp-block-table is-style-stripes\"><table><thead><tr><th>Localidades<\/th><th class=\"has-text-align-center\" data-align=\"center\">Tel\u00e9fono<\/th><th class=\"has-text-align-center\" data-align=\"center\">Ubicaci\u00f3n<\/th><\/tr><\/thead><tbody><tr><td>Palacio de Justicia &#8211; Salto del Guair\u00e1<\/td><td class=\"has-text-align-center\" data-align=\"center\">046 242169<\/td><td class=\"has-text-align-center\" data-align=\"center\">\n\t\t\t\t\t\t\t<a href=\"https:\/\/goo.gl\/maps\/nuJtHnn1dDptr7LT7\" title=\"Abrir Mapa\" target=\"_blank\" rel=\"noopener\"> <span><i class=\"bi bi-geo-alt-fill\"><\/i><\/span><\/a>\n\t\t\t\t\t\t<\/td><\/tr><tr><td>Juzgados de 1\u00aa Instancia &#8211; Curuguaty<\/td><td class=\"has-text-align-center\" data-align=\"center\">048 210330<\/td><td class=\"has-text-align-center\" data-align=\"center\">\n\t\t\t\t\t\t\t<a href=\"https:\/\/goo.gl\/maps\/de563DjdsyQtbFcU7\" title=\"Abrir Mapa\" target=\"_blank\" rel=\"noopener\"> <span><i class=\"bi bi-geo-alt-fill\"><\/i><\/span><\/a>\n\t\t\t\t\t\t<\/td><\/tr><tr><td>Juzgados de 1\u00aa Instancia &#8211; Katuete<\/td><td class=\"has-text-align-center\" data-align=\"center\">047 1234255<\/td><td class=\"has-text-align-center\" data-align=\"center\">\n\t\t\t\t\t\t\t<a href=\"https:\/\/goo.gl\/maps\/hezjoLcYnhYmKvMr9\" title=\"Abrir Mapa\" target=\"_blank\" rel=\"noopener\"> <span><i class=\"bi bi-geo-alt-fill\"><\/i><\/span><\/a>\n\t\t\t\t\t\t<\/td><\/tr><tr><td>Juzgado de Paz &#8211; Salto del Guair\u00e1<\/td><td class=\"has-text-align-center\" data-align=\"center\">046 242303<\/td><td class=\"has-text-align-center\" data-align=\"center\">\n\t\t\t\t\t\t\t<a href=\"https:\/\/goo.gl\/maps\/8H3SkD8qBBayLrn56\" title=\"Abrir Mapa\" target=\"_blank\" rel=\"noopener\"> <span><i class=\"bi bi-geo-alt-fill\"><\/i><\/span><\/a>\n\t\t\t\t\t\t<\/td><\/tr><tr><td>Juzgados de Paz &#8211; Curuguaty<\/td><td class=\"has-text-align-center\" data-align=\"center\"><\/td><td class=\"has-text-align-center\" data-align=\"center\">\n\t\t\t\t\t\t\t<a href=\"https:\/\/goo.gl\/maps\/iYbswU7WyHbArRfh6\" title=\"Abrir Mapa\" target=\"_blank\" rel=\"noopener\"> <span><i class=\"bi bi-geo-alt-fill\"><\/i><\/span><\/a><\/td><\/tr><tr><td>Juzgado de Paz &#8211; Katuete<\/td><td class=\"has-text-align-center\" data-align=\"center\"><\/td><td class=\"has-text-align-center\" data-align=\"center\">\n\t\t\t\t\t\t\t<a href=\"https:\/\/goo.gl\/maps\/Quf1vUn3LsVCB8c98\" title=\"Abrir Mapa\" target=\"_blank\" rel=\"noopener\"> <span><i class=\"bi bi-geo-alt-fill\"><\/i><\/span><\/a><\/td><\/tr><tr><td>Juzgado de Paz &#8211; Nueva Esperanza<\/td><td class=\"has-text-align-center\" data-align=\"center\"><\/td><td class=\"has-text-align-center\" data-align=\"center\">\n\t\t\t\t\t\t\t<a href=\"https:\/\/goo.gl\/maps\/KnDDB1y3fdKfPLKV6\" title=\"Abrir Mapa\" target=\"_blank\" rel=\"noopener\"> <span><i class=\"bi bi-geo-alt-fill\"><\/i><\/span><\/a><\/td><\/tr><tr><td>Juzgado de Paz &#8211; La Paloma<\/td><td class=\"has-text-align-center\" data-align=\"center\"><\/td><td class=\"has-text-align-center\" data-align=\"center\">\n\t\t\t\t\t\t\t<a href=\"https:\/\/goo.gl\/maps\/6EWbb3Cer8qWoBV1A\" title=\"Abrir Mapa\" target=\"_blank\" rel=\"noopener\"> <span><i class=\"bi bi-geo-alt-fill\"><\/i><\/span><\/a><\/td><\/tr><tr><td>Juzgado de Paz- Puerto Adela <\/td><td class=\"has-text-align-center\" data-align=\"center\"><\/td><td class=\"has-text-align-center\" data-align=\"center\">\n\t\t\t\t\t\t\t<a href=\"https:\/\/goo.gl\/maps\/GrNabjFMtza1q9pR8\" title=\"Abrir Mapa\" target=\"_blank\" rel=\"noopener\"> <span><i class=\"bi bi-geo-alt-fill\"><\/i><\/span><\/a><\/td><\/tr><tr><td>Juzgado de Paz &#8211; Corpus Cristhi<\/td><td class=\"has-text-align-center\" data-align=\"center\"><\/td><td class=\"has-text-align-center\" data-align=\"center\">\n\t\t\t\t\t\t\t<a href=\"https:\/\/maps.app.goo.gl\/e2bPfodBDStTis3k8\" title=\"Abrir Mapa\" target=\"_blank\" rel=\"noopener\"> <span><i class=\"bi bi-geo-alt-fill\"><\/i><\/span><\/a><\/td><\/tr><tr><td>Juzgado de Paz &#8211; Yvy Pyt\u00e2<\/td><td class=\"has-text-align-center\" data-align=\"center\"><\/td><td class=\"has-text-align-center\" data-align=\"center\"> <a href=\"https:\/\/maps.app.goo.gl\/e2bPfodBDStTis3k8\" target=\"_blank\" rel=\"noreferrer noopener\"> <span><i class=\"bi bi-geo-alt-fill\"><\/i><\/span><\/a><\/td><\/tr><tr><td>Juzgado de Paz &#8211; Villa Ygatimi<\/td><td class=\"has-text-align-center\" data-align=\"center\"><\/td><td class=\"has-text-align-center\" data-align=\"center\">\n\t\t\t\t\t\t\t<a href=\"https:\/\/goo.gl\/maps\/2sjH9L2HcpaXzGMb9\" title=\"Abrir Mapa\" target=\"_blank\" rel=\"noopener\"> <span><i class=\"bi bi-geo-alt-fill\"><\/i><\/span><\/a><\/td><\/tr><tr><td>Juzgado de Paz &#8211; Ype H\u00fb<\/td><td class=\"has-text-align-center\" data-align=\"center\"><\/td><td class=\"has-text-align-center\" data-align=\"center\">\n\t\t\t\t\t\t\t<a href=\"https:\/\/goo.gl\/maps\/vHiFoaSq7NwEJXfV8\" title=\"Abrir Mapa\" target=\"_blank\" rel=\"noopener\"> <span><i class=\"bi bi-geo-alt-fill\"><\/i><\/span><\/a><\/td><\/tr><tr><td>Juzgado de Paz &#8211; Itanar\u00e2<\/td><td class=\"has-text-align-center\" data-align=\"center\"><\/td><td class=\"has-text-align-center\" data-align=\"center\">\n\t\t\t\t\t\t\t<a href=\"https:\/\/goo.gl\/maps\/7PmgpVXaT9QFPYxQ6\" title=\"Abrir Mapa\" target=\"_blank\" rel=\"noopener\"> <span><i class=\"bi bi-geo-alt-fill\"><\/i><\/span><\/a><\/td><\/tr><\/tbody><\/table><\/figure>\n\n\n\n<div style=\"height:100px\" aria-hidden=\"true\" class=\"wp-block-spacer\"><\/div>\n\n\n\n<h3 class=\"wp-block-heading has-text-align-center\">Formulario de Contacto<\/h3>\n","protected":false},"excerpt":{"rendered":"<p>Localidades Tel\u00e9fono Ubicaci\u00f3n Palacio de Justicia &#8211; Salto del Guair\u00e1 046 242169 Juzgados de 1\u00aa Instancia &#8211; Curuguaty 048 210330 Juzgados de 1\u00aa Instancia &#8211; Katuete 047 1234255 Juzgado de Paz &#8211; Salto del Guair\u00e1 046 242303 Juzgados de Paz &#8211; Curuguaty Juzgado de Paz &#8211; Katuete Juzgado de Paz [&hellip;]<\/p>\n","protected":false},"author":1,"featured_media":0,"parent":0,"menu_order":0,"comment_status":"closed","ping_status":"closed","template":"page-templates\/t_page_contacto.php","meta":{"footnotes":""},"class_list":["post-27","page","type-page","status-publish","hentry"],"_links":{"self":[{"href":"https:\/\/pjcanindeyu.gov.py\/index.php?rest_route=\/wp\/v2\/pages\/27","targetHints":{"allow":["GET"]}}],"collection":[{"href":"https:\/\/pjcanindeyu.gov.py\/index.php?rest_route=\/wp\/v2\/pages"}],"about":[{"href":"https:\/\/pjcanindeyu.gov.py\/index.php?rest_route=\/wp\/v2\/types\/page"}],"author":[{"embeddable":true,"href":"https:\/\/pjcanindeyu.gov.py\/index.php?rest_route=\/wp\/v2\/users\/1"}],"replies":[{"embeddable":true,"href":"https:\/\/pjcanindeyu.gov.py\/index.php?rest_route=%2Fwp%2Fv2%2Fcomments&post=27"}],"version-history":[{"count":3,"href":"https:\/\/pjcanindeyu.gov.py\/index.php?rest_route=\/wp\/v2\/pages\/27\/revisions"}],"predecessor-version":[{"id":2994,"href":"https:\/\/pjcanindeyu.gov.py\/index.php?rest_route=\/wp\/v2\/pages\/27\/revisions\/2994"}],"wp:attachment":[{"href":"https:\/\/pjcanindeyu.gov.py\/index.php?rest_route=%2Fwp%2Fv2%2Fmedia&parent=27"}],"curies":[{"name":"wp","href":"https:\/\/api.w.org\/{rel}","templated":true}]}}