
{"id":4011,"date":"2024-09-19T10:32:13","date_gmt":"2024-09-19T14:32:13","guid":{"rendered":"https:\/\/pjcanindeyu.gov.py\/?page_id=4011"},"modified":"2024-09-19T10:43:45","modified_gmt":"2024-09-19T14:43:45","slug":"edictos","status":"publish","type":"page","link":"https:\/\/pjcanindeyu.gov.py\/?page_id=4011","title":{"rendered":"Edictos"},"content":{"rendered":"\n<p><\/p>\n\n\n<style>.wp-show-posts-columns#wpsp-4010 {margin-left: -2em; }.wp-show-posts-columns#wpsp-4010 .wp-show-posts-inner {margin: 0 0 2em 2em; }<\/style><section id=\"wpsp-4010\" class=\" wp-show-posts-columns wp-show-posts\" style=\"\"><article class=\" wp-show-posts-single post-5426 post type-post status-publish format-standard has-post-thumbnail hentry category-edictos category-notas wpsp-col-6\" itemtype=\"http:\/\/schema.org\/CreativeWork\" itemscope><div class=\"wp-show-posts-inner\" style=\"\">\t\t\t\t\t\t<header class=\"wp-show-posts-entry-header\">\n\t\t\t\t\t\t\t<h5 class=\"wp-show-posts-entry-title\" itemprop=\"headline\"><a href=\"https:\/\/pjcanindeyu.gov.py\/?p=5426\" rel=\"bookmark\">Publicaci\u00f3n de edicto \u2013 Inicio de mensura \u2013 Ley 6875\/22<\/a><\/h5><div class=\"wp-show-posts-entry-meta wp-show-posts-entry-meta-below-title post-meta-inline\"><span class=\"wp-show-posts-posted-on wp-show-posts-meta\">\n\t\t\t\t\t<a href=\"https:\/\/pjcanindeyu.gov.py\/?p=5426\" title=\"8:11 am\" rel=\"bookmark\"><time class=\"wp-show-posts-entry-date published\" datetime=\"2026-04-15T08:11:37-04:00\" itemprop=\"datePublished\">15\/04\/2026<\/time><\/a>\n\t\t\t\t<\/span><\/div>\t\t\t\t\t\t<\/header><!-- .entry-header -->\n\t\t\t\t\t\t\t<div class=\"wp-show-posts-image  wpsp-image-center \">\n\t\t\t<a href=\"https:\/\/pjcanindeyu.gov.py\/?p=5426\"  title=\"Publicaci\u00f3n de edicto \u2013 Inicio de mensura \u2013 Ley 6875\/22\">\t\t\t\t\t<img decoding=\"async\" src=\"https:\/\/pjcanindeyu.gov.py\/wp-content\/uploads\/2024\/04\/Edicto-230x140.png\" alt=\"Publicaci\u00f3n de edicto \u2013 Inicio de mensura \u2013 Ley 6875\/22\" itemprop=\"image\" class=\"center\" \/>\n\t\t\t\t<\/a>\t\t<\/div>\n\t\t\t\t\t\t\t\t<div class=\"wp-show-posts-entry-summary\" itemprop=\"text\">\n\t\t\t\t\t\t\t<p>La Jueza de Primera Instancia en lo Civil, Comercial, Laboral y de la Ni\u00f1ez y la Adolescencia de la ciudad de Katuet\u00e9, Circunscripci\u00f3n Judicial de Canindey\u00fa, Abg. Josefina Gunsett Melgarejo,&#8230;<\/p>\n\t\t\t\t\t\t<\/div><!-- .entry-summary -->\n\t\t\t\t\t<\/div><!-- wp-show-posts-inner --><\/article><article class=\" wp-show-posts-single post-4719 post type-post status-publish format-standard has-post-thumbnail hentry category-edictos category-notas wpsp-col-6\" itemtype=\"http:\/\/schema.org\/CreativeWork\" itemscope><div class=\"wp-show-posts-inner\" style=\"\">\t\t\t\t\t\t<header class=\"wp-show-posts-entry-header\">\n\t\t\t\t\t\t\t<h5 class=\"wp-show-posts-entry-title\" itemprop=\"headline\"><a href=\"https:\/\/pjcanindeyu.gov.py\/?p=4719\" rel=\"bookmark\">Publicaci\u00f3n de edicto \u2013 Inicio de mensura \u2013 Ley 6875\/22<\/a><\/h5><div class=\"wp-show-posts-entry-meta wp-show-posts-entry-meta-below-title post-meta-inline\"><span class=\"wp-show-posts-posted-on wp-show-posts-meta\">\n\t\t\t\t\t<a href=\"https:\/\/pjcanindeyu.gov.py\/?p=4719\" title=\"12:06 pm\" rel=\"bookmark\"><time class=\"wp-show-posts-entry-date published\" datetime=\"2025-05-30T12:06:20-04:00\" itemprop=\"datePublished\">30\/05\/2025<\/time><\/a>\n\t\t\t\t<\/span><\/div>\t\t\t\t\t\t<\/header><!-- .entry-header -->\n\t\t\t\t\t\t\t<div class=\"wp-show-posts-image  wpsp-image-center \">\n\t\t\t<a href=\"https:\/\/pjcanindeyu.gov.py\/?p=4719\"  title=\"Publicaci\u00f3n de edicto \u2013 Inicio de mensura \u2013 Ley 6875\/22\">\t\t\t\t\t<img decoding=\"async\" src=\"https:\/\/pjcanindeyu.gov.py\/wp-content\/uploads\/2024\/04\/Edicto-230x140.png\" alt=\"Publicaci\u00f3n de edicto \u2013 Inicio de mensura \u2013 Ley 6875\/22\" itemprop=\"image\" class=\"center\" \/>\n\t\t\t\t<\/a>\t\t<\/div>\n\t\t\t\t\t\t\t\t<div class=\"wp-show-posts-entry-summary\" itemprop=\"text\">\n\t\t\t\t\t\t\t<p>La Jueza de Primera Instancia en lo Civil, Comercial, Laboral y de la Ni\u00f1ez y la Adolescencia de la ciudad de Katuet\u00e9, Circunscripci\u00f3n Judicial de Canindey\u00fa, Abg. Josefina Gunsett Melgarejo,&#8230;<\/p>\n\t\t\t\t\t\t<\/div><!-- .entry-summary -->\n\t\t\t\t\t<\/div><!-- wp-show-posts-inner --><\/article><article class=\" wp-show-posts-single post-4289 post type-post status-publish format-standard has-post-thumbnail hentry category-edictos category-notas wpsp-col-6\" itemtype=\"http:\/\/schema.org\/CreativeWork\" itemscope><div class=\"wp-show-posts-inner\" style=\"\">\t\t\t\t\t\t<header class=\"wp-show-posts-entry-header\">\n\t\t\t\t\t\t\t<h5 class=\"wp-show-posts-entry-title\" itemprop=\"headline\"><a href=\"https:\/\/pjcanindeyu.gov.py\/?p=4289\" rel=\"bookmark\">Publicaci\u00f3n de edicto \u2013 Inicio de mensura \u2013 Ley 6875\/22<\/a><\/h5><div class=\"wp-show-posts-entry-meta wp-show-posts-entry-meta-below-title post-meta-inline\"><span class=\"wp-show-posts-posted-on wp-show-posts-meta\">\n\t\t\t\t\t<a href=\"https:\/\/pjcanindeyu.gov.py\/?p=4289\" title=\"11:21 am\" rel=\"bookmark\"><time class=\"wp-show-posts-entry-date published\" datetime=\"2025-02-07T11:21:38-04:00\" itemprop=\"datePublished\">07\/02\/2025<\/time><\/a>\n\t\t\t\t<\/span><\/div>\t\t\t\t\t\t<\/header><!-- .entry-header -->\n\t\t\t\t\t\t\t<div class=\"wp-show-posts-image  wpsp-image-center \">\n\t\t\t<a href=\"https:\/\/pjcanindeyu.gov.py\/?p=4289\"  title=\"Publicaci\u00f3n de edicto \u2013 Inicio de mensura \u2013 Ley 6875\/22\">\t\t\t\t\t<img decoding=\"async\" src=\"https:\/\/pjcanindeyu.gov.py\/wp-content\/uploads\/2024\/04\/Edicto-230x140.png\" alt=\"Publicaci\u00f3n de edicto \u2013 Inicio de mensura \u2013 Ley 6875\/22\" itemprop=\"image\" class=\"center\" \/>\n\t\t\t\t<\/a>\t\t<\/div>\n\t\t\t\t\t\t\t\t<div class=\"wp-show-posts-entry-summary\" itemprop=\"text\">\n\t\t\t\t\t\t\t<p>La Jueza de Primera Instancia en lo Civil, Comercial y Laboral de la ciudad de Curuguaty, Circunscripci\u00f3n Judicial de Canindey\u00fa, Abg. Sonia Mariela Medina Paredes, en cumplimiento del Art. 7,&#8230;<\/p>\n\t\t\t\t\t\t<\/div><!-- .entry-summary -->\n\t\t\t\t\t<\/div><!-- wp-show-posts-inner --><\/article><article class=\" wp-show-posts-single post-4176 post type-post status-publish format-standard has-post-thumbnail hentry category-edictos category-notas wpsp-col-6\" itemtype=\"http:\/\/schema.org\/CreativeWork\" itemscope><div class=\"wp-show-posts-inner\" style=\"\">\t\t\t\t\t\t<header class=\"wp-show-posts-entry-header\">\n\t\t\t\t\t\t\t<h5 class=\"wp-show-posts-entry-title\" itemprop=\"headline\"><a href=\"https:\/\/pjcanindeyu.gov.py\/?p=4176\" rel=\"bookmark\">Publicaci\u00f3n de edicto \u2013 Inicio de mensura \u2013 Ley 6875\/22<\/a><\/h5><div class=\"wp-show-posts-entry-meta wp-show-posts-entry-meta-below-title post-meta-inline\"><span class=\"wp-show-posts-posted-on wp-show-posts-meta\">\n\t\t\t\t\t<a href=\"https:\/\/pjcanindeyu.gov.py\/?p=4176\" title=\"9:11 am\" rel=\"bookmark\"><time class=\"wp-show-posts-entry-date published\" datetime=\"2024-11-07T09:11:59-04:00\" itemprop=\"datePublished\">07\/11\/2024<\/time><\/a>\n\t\t\t\t<\/span><\/div>\t\t\t\t\t\t<\/header><!-- .entry-header -->\n\t\t\t\t\t\t\t<div class=\"wp-show-posts-image  wpsp-image-center \">\n\t\t\t<a href=\"https:\/\/pjcanindeyu.gov.py\/?p=4176\"  title=\"Publicaci\u00f3n de edicto \u2013 Inicio de mensura \u2013 Ley 6875\/22\">\t\t\t\t\t<img decoding=\"async\" src=\"https:\/\/pjcanindeyu.gov.py\/wp-content\/uploads\/2024\/04\/Edicto-230x140.png\" alt=\"Publicaci\u00f3n de edicto \u2013 Inicio de mensura \u2013 Ley 6875\/22\" itemprop=\"image\" class=\"center\" \/>\n\t\t\t\t<\/a>\t\t<\/div>\n\t\t\t\t\t\t\t\t<div class=\"wp-show-posts-entry-summary\" itemprop=\"text\">\n\t\t\t\t\t\t\t<p>La Jueza de Primera Instancia en lo Civil, Comercial y Laboral de la ciudad de Curuguaty, Circunscripci\u00f3n Judicial de Canindey\u00fa, Abg. Sonia Mariela Medina Paredes, en cumplimiento del Art. 7,&#8230;<\/p>\n\t\t\t\t\t\t<\/div><!-- .entry-summary -->\n\t\t\t\t\t<\/div><!-- wp-show-posts-inner --><\/article><article class=\" wp-show-posts-single post-4041 post type-post status-publish format-standard has-post-thumbnail hentry category-edictos category-notas wpsp-col-6\" itemtype=\"http:\/\/schema.org\/CreativeWork\" itemscope><div class=\"wp-show-posts-inner\" style=\"\">\t\t\t\t\t\t<header class=\"wp-show-posts-entry-header\">\n\t\t\t\t\t\t\t<h5 class=\"wp-show-posts-entry-title\" itemprop=\"headline\"><a href=\"https:\/\/pjcanindeyu.gov.py\/?p=4041\" rel=\"bookmark\">Publicaci\u00f3n de edicto \u2013 Inicio de mensura \u2013 Ley 6875\/22<\/a><\/h5><div class=\"wp-show-posts-entry-meta wp-show-posts-entry-meta-below-title post-meta-inline\"><span class=\"wp-show-posts-posted-on wp-show-posts-meta\">\n\t\t\t\t\t<a href=\"https:\/\/pjcanindeyu.gov.py\/?p=4041\" title=\"9:20 am\" rel=\"bookmark\"><time class=\"wp-show-posts-entry-date published\" datetime=\"2024-10-04T09:20:42-04:00\" itemprop=\"datePublished\">04\/10\/2024<\/time><\/a>\n\t\t\t\t<\/span><\/div>\t\t\t\t\t\t<\/header><!-- .entry-header -->\n\t\t\t\t\t\t\t<div class=\"wp-show-posts-image  wpsp-image-center \">\n\t\t\t<a href=\"https:\/\/pjcanindeyu.gov.py\/?p=4041\"  title=\"Publicaci\u00f3n de edicto \u2013 Inicio de mensura \u2013 Ley 6875\/22\">\t\t\t\t\t<img decoding=\"async\" src=\"https:\/\/pjcanindeyu.gov.py\/wp-content\/uploads\/2024\/04\/Edicto-230x140.png\" alt=\"Publicaci\u00f3n de edicto \u2013 Inicio de mensura \u2013 Ley 6875\/22\" itemprop=\"image\" class=\"center\" \/>\n\t\t\t\t<\/a>\t\t<\/div>\n\t\t\t\t\t\t\t\t<div class=\"wp-show-posts-entry-summary\" itemprop=\"text\">\n\t\t\t\t\t\t\t<p>La Jueza de Primera Instancia en lo Civil, Comercial y Laboral de la ciudad de Katuet\u00e9, Circunscripci\u00f3n Judicial de Canindey\u00fa, Abg. Josefina Gunsett Melgarejo, en cumplimiento del Art. 7, de&#8230;<\/p>\n\t\t\t\t\t\t<\/div><!-- .entry-summary -->\n\t\t\t\t\t<\/div><!-- wp-show-posts-inner --><\/article><article class=\" wp-show-posts-single post-4007 post type-post status-publish format-standard has-post-thumbnail hentry category-edictos category-notas wpsp-col-6\" itemtype=\"http:\/\/schema.org\/CreativeWork\" itemscope><div class=\"wp-show-posts-inner\" style=\"\">\t\t\t\t\t\t<header class=\"wp-show-posts-entry-header\">\n\t\t\t\t\t\t\t<h5 class=\"wp-show-posts-entry-title\" itemprop=\"headline\"><a href=\"https:\/\/pjcanindeyu.gov.py\/?p=4007\" rel=\"bookmark\">Publicaci\u00f3n de edicto \u2013 Inicio de mensura \u2013 Ley 6875\/22<\/a><\/h5><div class=\"wp-show-posts-entry-meta wp-show-posts-entry-meta-below-title post-meta-inline\"><span class=\"wp-show-posts-posted-on wp-show-posts-meta\">\n\t\t\t\t\t<a href=\"https:\/\/pjcanindeyu.gov.py\/?p=4007\" title=\"10:12 am\" rel=\"bookmark\"><time class=\"wp-show-posts-entry-date published\" datetime=\"2024-09-18T10:12:33-04:00\" itemprop=\"datePublished\">18\/09\/2024<\/time><time class=\"wp-show-posts-updated\" datetime=\"2024-09-19T10:13:22-04:00\" itemprop=\"dateModified\">19\/09\/2024<\/time><\/a>\n\t\t\t\t<\/span><\/div>\t\t\t\t\t\t<\/header><!-- .entry-header -->\n\t\t\t\t\t\t\t<div class=\"wp-show-posts-image  wpsp-image-center \">\n\t\t\t<a href=\"https:\/\/pjcanindeyu.gov.py\/?p=4007\"  title=\"Publicaci\u00f3n de edicto \u2013 Inicio de mensura \u2013 Ley 6875\/22\">\t\t\t\t\t<img decoding=\"async\" src=\"https:\/\/pjcanindeyu.gov.py\/wp-content\/uploads\/2024\/04\/Edicto-230x140.png\" alt=\"Publicaci\u00f3n de edicto \u2013 Inicio de mensura \u2013 Ley 6875\/22\" itemprop=\"image\" class=\"center\" \/>\n\t\t\t\t<\/a>\t\t<\/div>\n\t\t\t\t\t\t\t\t<div class=\"wp-show-posts-entry-summary\" itemprop=\"text\">\n\t\t\t\t\t\t\t<p>La Jueza de Primera Instancia en lo Civil, Comercial y Laboral de la ciudad de Katuet\u00e9, Circunscripci\u00f3n Judicial de Canindey\u00fa, Abg. Josefina Gunsett Melgarejo, en cumplimiento del Art. 7, de&#8230;<\/p>\n\t\t\t\t\t\t<\/div><!-- .entry-summary -->\n\t\t\t\t\t<\/div><!-- wp-show-posts-inner --><\/article><article class=\" wp-show-posts-single post-4004 post type-post status-publish format-standard has-post-thumbnail hentry category-edictos category-notas wpsp-col-6\" itemtype=\"http:\/\/schema.org\/CreativeWork\" itemscope><div class=\"wp-show-posts-inner\" style=\"\">\t\t\t\t\t\t<header class=\"wp-show-posts-entry-header\">\n\t\t\t\t\t\t\t<h5 class=\"wp-show-posts-entry-title\" itemprop=\"headline\"><a href=\"https:\/\/pjcanindeyu.gov.py\/?p=4004\" rel=\"bookmark\">Publicaci\u00f3n de edicto \u2013 Inicio de mensura \u2013 Ley 6875\/22<\/a><\/h5><div class=\"wp-show-posts-entry-meta wp-show-posts-entry-meta-below-title post-meta-inline\"><span class=\"wp-show-posts-posted-on wp-show-posts-meta\">\n\t\t\t\t\t<a href=\"https:\/\/pjcanindeyu.gov.py\/?p=4004\" title=\"10:06 am\" rel=\"bookmark\"><time class=\"wp-show-posts-entry-date published\" datetime=\"2024-09-18T10:06:56-04:00\" itemprop=\"datePublished\">18\/09\/2024<\/time><time class=\"wp-show-posts-updated\" datetime=\"2024-09-19T10:08:51-04:00\" itemprop=\"dateModified\">19\/09\/2024<\/time><\/a>\n\t\t\t\t<\/span><\/div>\t\t\t\t\t\t<\/header><!-- .entry-header -->\n\t\t\t\t\t\t\t<div class=\"wp-show-posts-image  wpsp-image-center \">\n\t\t\t<a href=\"https:\/\/pjcanindeyu.gov.py\/?p=4004\"  title=\"Publicaci\u00f3n de edicto \u2013 Inicio de mensura \u2013 Ley 6875\/22\">\t\t\t\t\t<img decoding=\"async\" src=\"https:\/\/pjcanindeyu.gov.py\/wp-content\/uploads\/2024\/04\/Edicto-230x140.png\" alt=\"Publicaci\u00f3n de edicto \u2013 Inicio de mensura \u2013 Ley 6875\/22\" itemprop=\"image\" class=\"center\" \/>\n\t\t\t\t<\/a>\t\t<\/div>\n\t\t\t\t\t\t\t\t<div class=\"wp-show-posts-entry-summary\" itemprop=\"text\">\n\t\t\t\t\t\t\t<p>La Jueza de Primera Instancia en lo Civil, Comercial y Laboral de la ciudad de Katuet\u00e9, Circunscripci\u00f3n Judicial de Canindey\u00fa, Abg. Josefina Gunsett Melgarejo, en cumplimiento del Art. 7, de&#8230;<\/p>\n\t\t\t\t\t\t<\/div><!-- .entry-summary -->\n\t\t\t\t\t<\/div><!-- wp-show-posts-inner --><\/article><article class=\" wp-show-posts-single post-3999 post type-post status-publish format-standard has-post-thumbnail hentry category-edictos category-notas wpsp-col-6\" itemtype=\"http:\/\/schema.org\/CreativeWork\" itemscope><div class=\"wp-show-posts-inner\" style=\"\">\t\t\t\t\t\t<header class=\"wp-show-posts-entry-header\">\n\t\t\t\t\t\t\t<h5 class=\"wp-show-posts-entry-title\" itemprop=\"headline\"><a href=\"https:\/\/pjcanindeyu.gov.py\/?p=3999\" rel=\"bookmark\">Publicaci\u00f3n de edicto \u2013 Inicio de mensura \u2013 Ley 6875\/22<\/a><\/h5><div class=\"wp-show-posts-entry-meta wp-show-posts-entry-meta-below-title post-meta-inline\"><span class=\"wp-show-posts-posted-on wp-show-posts-meta\">\n\t\t\t\t\t<a href=\"https:\/\/pjcanindeyu.gov.py\/?p=3999\" title=\"9:57 am\" rel=\"bookmark\"><time class=\"wp-show-posts-entry-date published\" datetime=\"2024-09-17T09:57:14-04:00\" itemprop=\"datePublished\">17\/09\/2024<\/time><time class=\"wp-show-posts-updated\" datetime=\"2024-09-19T09:58:17-04:00\" itemprop=\"dateModified\">19\/09\/2024<\/time><\/a>\n\t\t\t\t<\/span><\/div>\t\t\t\t\t\t<\/header><!-- .entry-header -->\n\t\t\t\t\t\t\t<div class=\"wp-show-posts-image  wpsp-image-center \">\n\t\t\t<a href=\"https:\/\/pjcanindeyu.gov.py\/?p=3999\"  title=\"Publicaci\u00f3n de edicto \u2013 Inicio de mensura \u2013 Ley 6875\/22\">\t\t\t\t\t<img decoding=\"async\" src=\"https:\/\/pjcanindeyu.gov.py\/wp-content\/uploads\/2024\/04\/Edicto-230x140.png\" alt=\"Publicaci\u00f3n de edicto \u2013 Inicio de mensura \u2013 Ley 6875\/22\" itemprop=\"image\" class=\"center\" \/>\n\t\t\t\t<\/a>\t\t<\/div>\n\t\t\t\t\t\t\t\t<div class=\"wp-show-posts-entry-summary\" itemprop=\"text\">\n\t\t\t\t\t\t\t<p>La Jueza de Primera Instancia en lo Civil, Comercial y Laboral de la ciudad de Katuet\u00e9, Circunscripci\u00f3n Judicial de Canindey\u00fa, Abg. Josefina Gunsett Melgarejo, en cumplimiento del Art. 7, de&#8230;<\/p>\n\t\t\t\t\t\t<\/div><!-- .entry-summary -->\n\t\t\t\t\t<\/div><!-- wp-show-posts-inner --><\/article><article class=\" wp-show-posts-single post-3994 post type-post status-publish format-standard has-post-thumbnail hentry category-edictos category-notas wpsp-col-6\" itemtype=\"http:\/\/schema.org\/CreativeWork\" itemscope><div class=\"wp-show-posts-inner\" style=\"\">\t\t\t\t\t\t<header class=\"wp-show-posts-entry-header\">\n\t\t\t\t\t\t\t<h5 class=\"wp-show-posts-entry-title\" itemprop=\"headline\"><a href=\"https:\/\/pjcanindeyu.gov.py\/?p=3994\" rel=\"bookmark\">Publicaci\u00f3n de edicto \u2013 Inicio de mensura \u2013 Ley 6875\/22<\/a><\/h5><div class=\"wp-show-posts-entry-meta wp-show-posts-entry-meta-below-title post-meta-inline\"><span class=\"wp-show-posts-posted-on wp-show-posts-meta\">\n\t\t\t\t\t<a href=\"https:\/\/pjcanindeyu.gov.py\/?p=3994\" title=\"9:48 am\" rel=\"bookmark\"><time class=\"wp-show-posts-entry-date published\" datetime=\"2024-09-17T09:48:37-04:00\" itemprop=\"datePublished\">17\/09\/2024<\/time><time class=\"wp-show-posts-updated\" datetime=\"2024-09-19T09:52:51-04:00\" itemprop=\"dateModified\">19\/09\/2024<\/time><\/a>\n\t\t\t\t<\/span><\/div>\t\t\t\t\t\t<\/header><!-- .entry-header -->\n\t\t\t\t\t\t\t<div class=\"wp-show-posts-image  wpsp-image-center \">\n\t\t\t<a href=\"https:\/\/pjcanindeyu.gov.py\/?p=3994\"  title=\"Publicaci\u00f3n de edicto \u2013 Inicio de mensura \u2013 Ley 6875\/22\">\t\t\t\t\t<img decoding=\"async\" src=\"https:\/\/pjcanindeyu.gov.py\/wp-content\/uploads\/2024\/04\/Edicto-230x140.png\" alt=\"Publicaci\u00f3n de edicto \u2013 Inicio de mensura \u2013 Ley 6875\/22\" itemprop=\"image\" class=\"center\" \/>\n\t\t\t\t<\/a>\t\t<\/div>\n\t\t\t\t\t\t\t\t<div class=\"wp-show-posts-entry-summary\" itemprop=\"text\">\n\t\t\t\t\t\t\t<p>La Jueza de Primera Instancia en lo Civil, Comercial y Laboral de la ciudad de Katuet\u00e9, Circunscripci\u00f3n Judicial de Canindey\u00fa, Abg. Josefina Gunsett Melgarejo, en cumplimiento del Art. 7, de&#8230;<\/p>\n\t\t\t\t\t\t<\/div><!-- .entry-summary -->\n\t\t\t\t\t<\/div><!-- wp-show-posts-inner --><\/article><article class=\" wp-show-posts-single post-3990 post type-post status-publish format-standard has-post-thumbnail hentry category-edictos category-notas wpsp-col-6\" itemtype=\"http:\/\/schema.org\/CreativeWork\" itemscope><div class=\"wp-show-posts-inner\" style=\"\">\t\t\t\t\t\t<header class=\"wp-show-posts-entry-header\">\n\t\t\t\t\t\t\t<h5 class=\"wp-show-posts-entry-title\" itemprop=\"headline\"><a href=\"https:\/\/pjcanindeyu.gov.py\/?p=3990\" rel=\"bookmark\">Publicaci\u00f3n de edicto \u2013 Inicio de mensura \u2013 Ley 6875\/22<\/a><\/h5><div class=\"wp-show-posts-entry-meta wp-show-posts-entry-meta-below-title post-meta-inline\"><span class=\"wp-show-posts-posted-on wp-show-posts-meta\">\n\t\t\t\t\t<a href=\"https:\/\/pjcanindeyu.gov.py\/?p=3990\" title=\"9:43 am\" rel=\"bookmark\"><time class=\"wp-show-posts-entry-date published\" datetime=\"2024-09-17T09:43:05-04:00\" itemprop=\"datePublished\">17\/09\/2024<\/time><time class=\"wp-show-posts-updated\" datetime=\"2024-09-19T09:52:26-04:00\" itemprop=\"dateModified\">19\/09\/2024<\/time><\/a>\n\t\t\t\t<\/span><\/div>\t\t\t\t\t\t<\/header><!-- .entry-header -->\n\t\t\t\t\t\t\t<div class=\"wp-show-posts-image  wpsp-image-center \">\n\t\t\t<a href=\"https:\/\/pjcanindeyu.gov.py\/?p=3990\"  title=\"Publicaci\u00f3n de edicto \u2013 Inicio de mensura \u2013 Ley 6875\/22\">\t\t\t\t\t<img decoding=\"async\" src=\"https:\/\/pjcanindeyu.gov.py\/wp-content\/uploads\/2024\/04\/Edicto-230x140.png\" alt=\"Publicaci\u00f3n de edicto \u2013 Inicio de mensura \u2013 Ley 6875\/22\" itemprop=\"image\" class=\"center\" \/>\n\t\t\t\t<\/a>\t\t<\/div>\n\t\t\t\t\t\t\t\t<div class=\"wp-show-posts-entry-summary\" itemprop=\"text\">\n\t\t\t\t\t\t\t<p>La Jueza de Primera Instancia en lo Civil, Comercial y Laboral de la ciudad de Katuet\u00e9, Circunscripci\u00f3n Judicial de Canindey\u00fa, Abg. Josefina Gunsett Melgarejo, en cumplimiento del Art. 7, de&#8230;<\/p>\n\t\t\t\t\t\t<\/div><!-- .entry-summary -->\n\t\t\t\t\t<\/div><!-- wp-show-posts-inner --><\/article><div class=\"wpsp-clear\"><\/div><\/section><!-- .wp-show-posts --><div class=\"wpsp-load-more\"><span aria-current=\"page\" class=\"page-numbers current\">1<\/span>\n<a class=\"page-numbers\" href=\"https:\/\/pjcanindeyu.gov.py\/index.php\/?paged=2&#038;rest_route=%2Fwp%2Fv2%2Fpages%2F4011\">2<\/a>\n<a class=\"next page-numbers\" href=\"https:\/\/pjcanindeyu.gov.py\/index.php\/?paged=2&#038;rest_route=%2Fwp%2Fv2%2Fpages%2F4011\">Siguiente &rarr;<\/a><\/div>\n\n\n\n<p><\/p>\n","protected":false},"excerpt":{"rendered":"","protected":false},"author":1,"featured_media":0,"parent":0,"menu_order":0,"comment_status":"closed","ping_status":"closed","template":"page-templates\/t_page_notasPlugin.php","meta":{"footnotes":""},"class_list":["post-4011","page","type-page","status-publish","hentry"],"_links":{"self":[{"href":"https:\/\/pjcanindeyu.gov.py\/index.php?rest_route=\/wp\/v2\/pages\/4011","targetHints":{"allow":["GET"]}}],"collection":[{"href":"https:\/\/pjcanindeyu.gov.py\/index.php?rest_route=\/wp\/v2\/pages"}],"about":[{"href":"https:\/\/pjcanindeyu.gov.py\/index.php?rest_route=\/wp\/v2\/types\/page"}],"author":[{"embeddable":true,"href":"https:\/\/pjcanindeyu.gov.py\/index.php?rest_route=\/wp\/v2\/users\/1"}],"replies":[{"embeddable":true,"href":"https:\/\/pjcanindeyu.gov.py\/index.php?rest_route=%2Fwp%2Fv2%2Fcomments&post=4011"}],"version-history":[{"count":6,"href":"https:\/\/pjcanindeyu.gov.py\/index.php?rest_route=\/wp\/v2\/pages\/4011\/revisions"}],"predecessor-version":[{"id":4022,"href":"https:\/\/pjcanindeyu.gov.py\/index.php?rest_route=\/wp\/v2\/pages\/4011\/revisions\/4022"}],"wp:attachment":[{"href":"https:\/\/pjcanindeyu.gov.py\/index.php?rest_route=%2Fwp%2Fv2%2Fmedia&parent=4011"}],"curies":[{"name":"wp","href":"https:\/\/api.w.org\/{rel}","templated":true}]}}