
{"id":513,"date":"2022-09-14T09:35:25","date_gmt":"2022-09-14T13:35:25","guid":{"rendered":"http:\/\/172.31.162.97\/pagina\/?page_id=513"},"modified":"2022-09-14T09:35:25","modified_gmt":"2022-09-14T13:35:25","slug":"mapa-del-sitio","status":"publish","type":"page","link":"https:\/\/pjcanindeyu.gov.py\/?page_id=513","title":{"rendered":"Mapa del Sitio"},"content":{"rendered":"\n<h5><a href=\"https:\/\/pjcanindeyu.gov.py\/\" title=\"XV CIRCUNSCRIPCI\u00d3N JUDICIAL\" target=\"_self\" rel=\"noopener\">\n            Inicio<\/a><\/h5>\n\n\n<h5>Corte Suprema de Justicia<\/h5>\n        <li class=\"Mapa-sitio \">\n        <a href=\"https:\/\/www.pj.gov.py\/contenido\/11-historia\/\" title=\"Historia\" target=\"_blank\" rel=\"noopener\">Historia<\/a>\n        <\/li>\n\n        <li class=\"Mapa-sitio \">\n        <a href=\"https:\/\/www.pj.gov.py\/contenido\/12-mision-vision-y-valores\/\" title=\"Mision, Visi\u00f3n y Valores\" target=\"_blank\" rel=\"noopener\">Mision, Visi\u00f3n y Valores<\/a>\n        <\/li>\n\n        <li class=\"Mapa-sitio \">\n        <a href=\"https:\/\/www.pj.gov.py\/organigrama\/\" title=\"Organigrama\" target=\"_blank\" rel=\"noopener\">Organigrama<\/a>\n        <\/li>\n\n        <li class=\"Mapa-sitio \">\n        <a href=\"https:\/\/www.pj.gov.py\/ministros\/\" title=\"Ministros\" target=\"_blank\" rel=\"noopener\">Ministros<\/a>\n        <\/li>\n\n        <li class=\"Mapa-sitio \">\n        <a href=\"https:\/\/www.pj.gov.py\/contenido\/16-leyes-de-organizacion-judicial\/\" title=\"Leyes de Organizaci\u00f3n Judicial\" target=\"_blank\" rel=\"noopener\">Leyes de Organizaci\u00f3n Judicial<\/a>\n        <\/li>\n\n         <li class=\"Mapa-sitio \">\n        <a href=\"https:\/\/www.pj.gov.py\/notas\/plenaria\/\" title=\"Decisiones de la Plenaria\" target=\"_blank\" rel=\"noopener\">Decisiones de la Plenaria<\/a>\n        <\/li>\n         <br \/>\n\n<h5>XV Circunscripci\u00f3n Judicial<\/h5>\n\n        <li class=\"Mapa-sitio \">\n        <a href=\"#\" title=\"Historia\">Historia<\/a>\n        <\/li>\n\n        <li class=\"Mapa-sitio \">\n        <a href=\"#\" title=\"Organigrama\">Organigrama<\/a>\n        <\/li>\n\n        <li class=\"Mapa-sitio \">\n        <a href=\"#\" title=\"Consejo de Administraci\u00f3n\">Consejo de Administraci\u00f3n<\/a>\n        <\/li>\n\n        <li class=\"Mapa-sitio \">\n        <a href=\"#\" title=\"Magistrados\">Magistrados<\/a>\n        <\/li>\n        <br \/>\n\n\n<h5>\u00c1reas<\/h5>\n\n        <li class=\"Mapa-sitio \">\n        <a href=\"#\" title=\"Jurisdiccional\">Jurisdiccional<\/a>\n        <\/li>\n\n        <li class=\"Mapa-sitio \">\n        <a href=\"#\" title=\"Registral\">Registral<\/a>\n        <\/li>\n\n                        <li class=\"Mapa-sitio sitio22\">\n                        <a href=\"#\" title=\"Registros P\u00fablicos\">Registros P\u00fablicos<\/a>\n                        <\/li>\n\n                        <li class=\"Mapa-sitio sitio22\">\n                        <a href=\"#\" title=\"Registros \u00danico de Automotores\">Registros \u00danico de Automotores<\/a>\n                        <\/li>\n\n                        <li class=\"Mapa-sitio sitio22\">\n                        <a href=\"#\" title=\"Marcas y Se\u00f1ales\">Marcas y Se\u00f1ales<\/a>\n                        <\/li>\n\n        <li class=\"Mapa-sitio \">\n        <a href=\"#\" title=\"T\u00e9cnico Administrativo\">T\u00e9cnico Administrativo<\/a>\n        <\/li>\n\n        <li class=\"Mapa-sitio \">\n        <a href=\"#\" title=\"Control de Gesti\u00f3n\">Control de Gesti\u00f3n<\/a>\n        <\/li>\n\n         <br \/>\n\n\n<h5><a href=\"#\" title=\"XV CIRCUNSCRIPCI\u00d3N JUDICIAL\" target=\"_self\" rel=\"noopener\">\n            Contacto<\/a><\/h5>\n","protected":false},"excerpt":{"rendered":"<p>Inicio Corte Suprema de Justicia Historia Mision, Visi\u00f3n y Valores Organigrama Ministros Leyes de Organizaci\u00f3n Judicial Decisiones de la Plenaria XV Circunscripci\u00f3n Judicial Historia Organigrama Consejo de Administraci\u00f3n Magistrados \u00c1reas Jurisdiccional Registral Registros P\u00fablicos Registros \u00danico de Automotores Marcas y Se\u00f1ales T\u00e9cnico Administrativo Control de Gesti\u00f3n Contacto<\/p>\n","protected":false},"author":1,"featured_media":0,"parent":0,"menu_order":0,"comment_status":"closed","ping_status":"closed","template":"","meta":{"footnotes":""},"class_list":["post-513","page","type-page","status-publish","hentry"],"_links":{"self":[{"href":"https:\/\/pjcanindeyu.gov.py\/index.php?rest_route=\/wp\/v2\/pages\/513","targetHints":{"allow":["GET"]}}],"collection":[{"href":"https:\/\/pjcanindeyu.gov.py\/index.php?rest_route=\/wp\/v2\/pages"}],"about":[{"href":"https:\/\/pjcanindeyu.gov.py\/index.php?rest_route=\/wp\/v2\/types\/page"}],"author":[{"embeddable":true,"href":"https:\/\/pjcanindeyu.gov.py\/index.php?rest_route=\/wp\/v2\/users\/1"}],"replies":[{"embeddable":true,"href":"https:\/\/pjcanindeyu.gov.py\/index.php?rest_route=%2Fwp%2Fv2%2Fcomments&post=513"}],"version-history":[{"count":0,"href":"https:\/\/pjcanindeyu.gov.py\/index.php?rest_route=\/wp\/v2\/pages\/513\/revisions"}],"wp:attachment":[{"href":"https:\/\/pjcanindeyu.gov.py\/index.php?rest_route=%2Fwp%2Fv2%2Fmedia&parent=513"}],"curies":[{"name":"wp","href":"https:\/\/api.w.org\/{rel}","templated":true}]}}