
{"id":600,"date":"2022-09-14T12:15:15","date_gmt":"2022-09-14T16:15:15","guid":{"rendered":"http:\/\/172.31.162.97\/pagina\/?page_id=600"},"modified":"2024-02-12T09:27:30","modified_gmt":"2024-02-12T13:27:30","slug":"penal-de-sentencias","status":"publish","type":"page","link":"https:\/\/pjcanindeyu.gov.py\/?page_id=600","title":{"rendered":"Penal de Sentencias"},"content":{"rendered":"\n<h3 class=\"wp-block-heading\">Informaci\u00f3n General<\/h3>\n\n\n\n<div class=\"wp-block-group\"><div class=\"wp-block-group__inner-container is-layout-flow wp-block-group-is-layout-flow\">\n<p>El Tribunal de Sentencia en el fuero penal puede estar integrado por un solo juez (unipersonal) o por tres jueces (tribunal, propiamente tal), ambos tienen atribuciones espec\u00edficas dentro del \u00e1mbito de su competencia, as\u00ed,<strong>&nbsp;el tribunal unipersonal tiene las siguientes funciones:<\/strong><\/p>\n\n\n\n<p>1) resolver los juicios por hechos punibles cuya sanci\u00f3n sea exclusivamente pena de multa o privativa de libertad hasta dos a\u00f1os, cuando el Ministerio P\u00fablico lo solicita;<\/p>\n\n\n\n<p>2) resolver el procedimiento para la reparaci\u00f3n del da\u00f1o, en los casos en que haya dictado sentencia condenatoria; y<\/p>\n\n\n\n<p>3) pronunciarse en el recurso de apelaci\u00f3n cuando se trate de una sentencia dictada por el juez de paz.<\/p>\n<\/div><\/div>\n\n\n\n<hr class=\"wp-block-separator has-alpha-channel-opacity\"\/>\n\n\n\n<h3 class=\"wp-block-heading\"><strong>Tribunales de Sentencia Penal de la Circunscripci\u00f3n Judicial de Canindey\u00fa<\/strong><\/h3>\n\n\n\n<p><style>\/*! elementor - v3.7.4 - 31-08-2022 *\/<br \/>\n.elementor-widget-tabs.elementor-tabs-view-vertical .elementor-tabs-wrapper{width:25%;-ms-flex-negative:0;flex-shrink:0}.elementor-widget-tabs.elementor-tabs-view-vertical .elementor-tab-desktop-title.elementor-active{border-right-style:none}.elementor-widget-tabs.elementor-tabs-view-vertical .elementor-tab-desktop-title.elementor-active:after,.elementor-widget-tabs.elementor-tabs-view-vertical .elementor-tab-desktop-title.elementor-active:before{height:999em;width:0;right:0;border-right-style:solid}.elementor-widget-tabs.elementor-tabs-view-vertical .elementor-tab-desktop-title.elementor-active:before{top:0;-webkit-transform:translateY(-100%);-ms-transform:translateY(-100%);transform:translateY(-100%)}.elementor-widget-tabs.elementor-tabs-view-vertical .elementor-tab-desktop-title.elementor-active:after{top:100%}.elementor-widget-tabs.elementor-tabs-view-horizontal .elementor-tab-desktop-title{display:table-cell}.elementor-widget-tabs.elementor-tabs-view-horizontal .elementor-tab-desktop-title.elementor-active{border-bottom-style:none}.elementor-widget-tabs.elementor-tabs-view-horizontal .elementor-tab-desktop-title.elementor-active:after,.elementor-widget-tabs.elementor-tabs-view-horizontal .elementor-tab-desktop-title.elementor-active:before{bottom:0;height:0;width:999em;border-bottom-style:solid}.elementor-widget-tabs.elementor-tabs-view-horizontal .elementor-tab-desktop-title.elementor-active:before{right:100%}.elementor-widget-tabs.elementor-tabs-view-horizontal .elementor-tab-desktop-title.elementor-active:after{left:100%}.elementor-widget-tabs .elementor-tab-content,.elementor-widget-tabs .elementor-tab-title,.elementor-widget-tabs .elementor-tab-title:after,.elementor-widget-tabs .elementor-tab-title:before,.elementor-widget-tabs .elementor-tabs-content-wrapper{border:1px #d4d4d4}.elementor-widget-tabs .elementor-tabs{text-align:left}.elementor-widget-tabs .elementor-tabs-wrapper{overflow:hidden}.elementor-widget-tabs .elementor-tab-title{cursor:pointer;outline:var(--focus-outline,none)}.elementor-widget-tabs .elementor-tab-desktop-title{position:relative;padding:20px 25px;font-weight:700;line-height:1;border:solid transparent}.elementor-widget-tabs .elementor-tab-desktop-title.elementor-active{border-color:#d4d4d4}.elementor-widget-tabs .elementor-tab-desktop-title.elementor-active:after,.elementor-widget-tabs .elementor-tab-desktop-title.elementor-active:before{display:block;content:\"\";position:absolute}.elementor-widget-tabs .elementor-tab-desktop-title:focus-visible{border:1px solid #000}.elementor-widget-tabs .elementor-tab-mobile-title{padding:10px;cursor:pointer}.elementor-widget-tabs .elementor-tab-content{padding:20px;display:none}@media (max-width:767px){.elementor-tabs .elementor-tab-content,.elementor-tabs .elementor-tab-title{border-style:solid solid none}.elementor-tabs .elementor-tabs-wrapper{display:none}.elementor-tabs .elementor-tabs-content-wrapper{border-bottom-style:solid}.elementor-tabs .elementor-tab-content{padding:10px}}@media (min-width:768px){.elementor-widget-tabs.elementor-tabs-view-vertical .elementor-tabs{display:-webkit-box;display:-ms-flexbox;display:flex}.elementor-widget-tabs.elementor-tabs-view-vertical .elementor-tabs-wrapper{-webkit-box-orient:vertical;-webkit-box-direction:normal;-ms-flex-direction:column;flex-direction:column}.elementor-widget-tabs.elementor-tabs-view-vertical .elementor-tabs-content-wrapper{-webkit-box-flex:1;-ms-flex-positive:1;flex-grow:1;border-style:solid solid solid none}.elementor-widget-tabs.elementor-tabs-view-horizontal .elementor-tab-content{border-style:none solid solid}.elementor-widget-tabs.elementor-tabs-alignment-center .elementor-tabs-wrapper,.elementor-widget-tabs.elementor-tabs-alignment-end .elementor-tabs-wrapper,.elementor-widget-tabs.elementor-tabs-alignment-stretch .elementor-tabs-wrapper{display:-webkit-box;display:-ms-flexbox;display:flex}.elementor-widget-tabs.elementor-tabs-alignment-center .elementor-tabs-wrapper{-webkit-box-pack:center;-ms-flex-pack:center;justify-content:center}.elementor-widget-tabs.elementor-tabs-alignment-end .elementor-tabs-wrapper{-webkit-box-pack:end;-ms-flex-pack:end;justify-content:flex-end}.elementor-widget-tabs.elementor-tabs-alignment-stretch.elementor-tabs-view-horizontal .elementor-tab-title{width:100%}.elementor-widget-tabs.elementor-tabs-alignment-stretch.elementor-tabs-view-vertical .elementor-tab-title{height:100%}.elementor-tabs .elementor-tab-mobile-title{display:none}}<\/style><\/p>\n\n\n\n<p class=\"accordion\">Tribunal de Sentencia N\u00ba 1<\/p>\n\n\n\n<div class=\"wp-block-group panel\"><div class=\"wp-block-group__inner-container is-layout-flow wp-block-group-is-layout-flow\">\n<hr class=\"wp-block-separator has-alpha-channel-opacity\"\/>\n\n\n\n<div class=\"wp-block-columns panel is-layout-flex wp-container-core-columns-is-layout-9d6595d7 wp-block-columns-is-layout-flex\">\n<div class=\"wp-block-column is-layout-flow wp-block-column-is-layout-flow\" style=\"flex-basis:33.33%\">\n<figure class=\"wp-block-gallery aligncenter has-nested-images columns-default is-cropped galeria wp-block-gallery-1 is-layout-flex wp-block-gallery-is-layout-flex\">\n<figure class=\"wp-block-image size-large\"><a href=\"https:\/\/pjcanindeyu.gov.py\/wp-content\/uploads\/2023\/11\/Benito-Gonzalez.png\"><img loading=\"lazy\" decoding=\"async\" width=\"1009\" height=\"1024\" data-id=\"2883\" src=\"https:\/\/pjcanindeyu.gov.py\/wp-content\/uploads\/2023\/11\/Benito-Gonzalez-1009x1024.png\" alt=\"\" class=\"wp-image-2883\" srcset=\"https:\/\/pjcanindeyu.gov.py\/wp-content\/uploads\/2023\/11\/Benito-Gonzalez-1009x1024.png 1009w, https:\/\/pjcanindeyu.gov.py\/wp-content\/uploads\/2023\/11\/Benito-Gonzalez-296x300.png 296w, https:\/\/pjcanindeyu.gov.py\/wp-content\/uploads\/2023\/11\/Benito-Gonzalez-768x780.png 768w, https:\/\/pjcanindeyu.gov.py\/wp-content\/uploads\/2023\/11\/Benito-Gonzalez-1513x1536.png 1513w, https:\/\/pjcanindeyu.gov.py\/wp-content\/uploads\/2023\/11\/Benito-Gonzalez-2017x2048.png 2017w\" sizes=\"auto, (max-width: 1009px) 100vw, 1009px\" \/><\/a><\/figure>\n<\/figure>\n<\/div>\n\n\n\n<div class=\"wp-block-column is-layout-flow wp-block-column-is-layout-flow\" style=\"flex-basis:66.66%\">\n<h5 class=\"wp-block-heading\"><strong>Abg. Benito Ram\u00f3n Gonz\u00e1lez<\/strong><\/h5>\n\n\n\n<p class=\"has-text-align-left\">Juez Penal de Sentencia N\u00ba 1<\/p>\n<\/div>\n<\/div>\n\n\n\n<hr class=\"wp-block-separator has-alpha-channel-opacity\"\/>\n\n\n\n<div class=\"wp-block-columns panel is-layout-flex wp-container-core-columns-is-layout-9d6595d7 wp-block-columns-is-layout-flex\">\n<div class=\"wp-block-column is-layout-flow wp-block-column-is-layout-flow\" style=\"flex-basis:33.33%\"><div class=\"wp-block-image\">\n<figure class=\"aligncenter size-large is-resized\"><img loading=\"lazy\" decoding=\"async\" width=\"1009\" height=\"1024\" src=\"https:\/\/pjcanindeyu.gov.py\/wp-content\/uploads\/2024\/02\/Gustavo-Villaverde.jpeg-1009x1024.png\" alt=\"\" class=\"wp-image-3039\" style=\"aspect-ratio:1.036697247706422;width:231px;height:auto\" srcset=\"https:\/\/pjcanindeyu.gov.py\/wp-content\/uploads\/2024\/02\/Gustavo-Villaverde.jpeg-1009x1024.png 1009w, https:\/\/pjcanindeyu.gov.py\/wp-content\/uploads\/2024\/02\/Gustavo-Villaverde.jpeg-296x300.png 296w, https:\/\/pjcanindeyu.gov.py\/wp-content\/uploads\/2024\/02\/Gustavo-Villaverde.jpeg-768x780.png 768w, https:\/\/pjcanindeyu.gov.py\/wp-content\/uploads\/2024\/02\/Gustavo-Villaverde.jpeg-1513x1536.png 1513w, https:\/\/pjcanindeyu.gov.py\/wp-content\/uploads\/2024\/02\/Gustavo-Villaverde.jpeg-2017x2048.png 2017w\" sizes=\"auto, (max-width: 1009px) 100vw, 1009px\" \/><\/figure>\n<\/div><\/div>\n\n\n\n<div class=\"wp-block-column is-layout-flow wp-block-column-is-layout-flow\" style=\"flex-basis:66.66%\">\n<h5 class=\"wp-block-heading\"><strong>Abg. Gustavo Miguel Villaverde Fern\u00e1ndez<\/strong><\/h5>\n\n\n\n<p class=\"has-text-align-left\">Juez Penal de Sentencia N\u00ba 2<\/p>\n<\/div>\n<\/div>\n\n\n\n<hr class=\"wp-block-separator has-alpha-channel-opacity\"\/>\n\n\n\n<div class=\"wp-block-columns panel is-layout-flex wp-container-core-columns-is-layout-9d6595d7 wp-block-columns-is-layout-flex\">\n<div class=\"wp-block-column is-layout-flow wp-block-column-is-layout-flow\" style=\"flex-basis:33.33%\"><div class=\"wp-block-image\">\n<figure class=\"aligncenter size-large is-resized\"><img loading=\"lazy\" decoding=\"async\" width=\"1024\" height=\"998\" src=\"https:\/\/pjcanindeyu.gov.py\/wp-content\/uploads\/2023\/03\/Persona1-1024x998.png\" alt=\"\" class=\"wp-image-1971\" style=\"width:113px;height:109px\" srcset=\"https:\/\/pjcanindeyu.gov.py\/wp-content\/uploads\/2023\/03\/Persona1-1024x998.png 1024w, https:\/\/pjcanindeyu.gov.py\/wp-content\/uploads\/2023\/03\/Persona1-300x293.png 300w, https:\/\/pjcanindeyu.gov.py\/wp-content\/uploads\/2023\/03\/Persona1-768x749.png 768w, https:\/\/pjcanindeyu.gov.py\/wp-content\/uploads\/2023\/03\/Persona1.png 1280w\" sizes=\"auto, (max-width: 1024px) 100vw, 1024px\" \/><\/figure>\n<\/div><\/div>\n\n\n\n<div class=\"wp-block-column is-layout-flow wp-block-column-is-layout-flow\" style=\"flex-basis:66.66%\">\n<h5 class=\"wp-block-heading\"><strong>Abg. Cynthia Janisse Esp\u00ednola Ibarra<\/strong><\/h5>\n\n\n\n<p class=\"has-text-align-left\">Juez Penal de Sentencia N\u00ba 3<\/p>\n<\/div>\n<\/div>\n<\/div><\/div>\n\n\n\n<p class=\"accordion\">Tribunal de Sentencia N\u00ba 2<\/p>\n\n\n\n<div class=\"wp-block-group panel\"><div class=\"wp-block-group__inner-container is-layout-flow wp-block-group-is-layout-flow\">\n<p class=\"has-text-align-center\"><\/p>\n\n\n\n<hr class=\"wp-block-separator has-alpha-channel-opacity\"\/>\n\n\n\n<div class=\"wp-block-columns panel is-layout-flex wp-container-core-columns-is-layout-9d6595d7 wp-block-columns-is-layout-flex\">\n<div class=\"wp-block-column is-layout-flow wp-block-column-is-layout-flow\" style=\"flex-basis:33.33%\">\n<figure class=\"wp-block-gallery aligncenter has-nested-images columns-default is-cropped galeria wp-block-gallery-2 is-layout-flex wp-block-gallery-is-layout-flex\">\n<figure class=\"wp-block-image size-large\"><a href=\"https:\/\/pjcanindeyu.gov.py\/wp-content\/uploads\/2023\/10\/Sofia-Jimenez-Rolon.jpg.png\"><img loading=\"lazy\" decoding=\"async\" width=\"1009\" height=\"1024\" data-id=\"2739\" src=\"https:\/\/pjcanindeyu.gov.py\/wp-content\/uploads\/2023\/10\/Sofia-Jimenez-Rolon.jpg-1009x1024.png\" alt=\"\" class=\"wp-image-2739\" srcset=\"https:\/\/pjcanindeyu.gov.py\/wp-content\/uploads\/2023\/10\/Sofia-Jimenez-Rolon.jpg-1009x1024.png 1009w, https:\/\/pjcanindeyu.gov.py\/wp-content\/uploads\/2023\/10\/Sofia-Jimenez-Rolon.jpg-296x300.png 296w, https:\/\/pjcanindeyu.gov.py\/wp-content\/uploads\/2023\/10\/Sofia-Jimenez-Rolon.jpg-768x780.png 768w, https:\/\/pjcanindeyu.gov.py\/wp-content\/uploads\/2023\/10\/Sofia-Jimenez-Rolon.jpg-1513x1536.png 1513w, https:\/\/pjcanindeyu.gov.py\/wp-content\/uploads\/2023\/10\/Sofia-Jimenez-Rolon.jpg-2017x2048.png 2017w\" sizes=\"auto, (max-width: 1009px) 100vw, 1009px\" \/><\/a><\/figure>\n<\/figure>\n<\/div>\n\n\n\n<div class=\"wp-block-column is-layout-flow wp-block-column-is-layout-flow\" style=\"flex-basis:66.66%\">\n<h5 class=\"wp-block-heading\"><strong>Abg. Sof\u00eda Elizabeth Jim\u00e9nez Rol\u00f3n<\/strong><\/h5>\n\n\n\n<p class=\"has-text-align-left\">Juez Penal de Sentencia N\u00ba 4<\/p>\n<\/div>\n<\/div>\n\n\n\n<hr class=\"wp-block-separator has-alpha-channel-opacity\"\/>\n\n\n\n<div class=\"wp-block-columns panel is-layout-flex wp-container-core-columns-is-layout-9d6595d7 wp-block-columns-is-layout-flex\">\n<div class=\"wp-block-column is-layout-flow wp-block-column-is-layout-flow\" style=\"flex-basis:33.33%\">\n<figure class=\"wp-block-gallery aligncenter has-nested-images columns-default is-cropped galeria wp-block-gallery-3 is-layout-flex wp-block-gallery-is-layout-flex\">\n<figure class=\"wp-block-image size-large\"><a href=\"https:\/\/pjcanindeyu.gov.py\/wp-content\/uploads\/2023\/10\/Hugo-Medina.png\"><img loading=\"lazy\" decoding=\"async\" width=\"1009\" height=\"1024\" data-id=\"2736\" src=\"https:\/\/pjcanindeyu.gov.py\/wp-content\/uploads\/2023\/10\/Hugo-Medina-1009x1024.png\" alt=\"\" class=\"wp-image-2736\" srcset=\"https:\/\/pjcanindeyu.gov.py\/wp-content\/uploads\/2023\/10\/Hugo-Medina-1009x1024.png 1009w, https:\/\/pjcanindeyu.gov.py\/wp-content\/uploads\/2023\/10\/Hugo-Medina-296x300.png 296w, https:\/\/pjcanindeyu.gov.py\/wp-content\/uploads\/2023\/10\/Hugo-Medina-768x780.png 768w, https:\/\/pjcanindeyu.gov.py\/wp-content\/uploads\/2023\/10\/Hugo-Medina-1513x1536.png 1513w, https:\/\/pjcanindeyu.gov.py\/wp-content\/uploads\/2023\/10\/Hugo-Medina-2017x2048.png 2017w\" sizes=\"auto, (max-width: 1009px) 100vw, 1009px\" \/><\/a><\/figure>\n<\/figure>\n<\/div>\n\n\n\n<div class=\"wp-block-column is-layout-flow wp-block-column-is-layout-flow\" style=\"flex-basis:66.66%\">\n<h5 class=\"wp-block-heading\"><strong>Abg. Hugo Gilberto Medina V\u00e1zquez<\/strong><\/h5>\n\n\n\n<p class=\"has-text-align-left\">Juez Penal de Sentencia N\u00ba 5<\/p>\n<\/div>\n<\/div>\n\n\n\n<hr class=\"wp-block-separator has-alpha-channel-opacity\"\/>\n\n\n\n<div class=\"wp-block-columns panel is-layout-flex wp-container-core-columns-is-layout-9d6595d7 wp-block-columns-is-layout-flex\">\n<div class=\"wp-block-column is-layout-flow wp-block-column-is-layout-flow\" style=\"flex-basis:33.33%\">\n<figure class=\"wp-block-gallery aligncenter has-nested-images columns-default is-cropped galeria wp-block-gallery-4 is-layout-flex wp-block-gallery-is-layout-flex\">\n<figure class=\"wp-block-image size-large\"><a href=\"https:\/\/pjcanindeyu.gov.py\/wp-content\/uploads\/2023\/10\/Bonifacio-Rojas.png\"><img loading=\"lazy\" decoding=\"async\" width=\"1009\" height=\"1024\" data-id=\"2738\" src=\"https:\/\/pjcanindeyu.gov.py\/wp-content\/uploads\/2023\/10\/Bonifacio-Rojas-1009x1024.png\" alt=\"\" class=\"wp-image-2738\" srcset=\"https:\/\/pjcanindeyu.gov.py\/wp-content\/uploads\/2023\/10\/Bonifacio-Rojas-1009x1024.png 1009w, https:\/\/pjcanindeyu.gov.py\/wp-content\/uploads\/2023\/10\/Bonifacio-Rojas-296x300.png 296w, https:\/\/pjcanindeyu.gov.py\/wp-content\/uploads\/2023\/10\/Bonifacio-Rojas-768x780.png 768w, https:\/\/pjcanindeyu.gov.py\/wp-content\/uploads\/2023\/10\/Bonifacio-Rojas-1513x1536.png 1513w, https:\/\/pjcanindeyu.gov.py\/wp-content\/uploads\/2023\/10\/Bonifacio-Rojas-2017x2048.png 2017w\" sizes=\"auto, (max-width: 1009px) 100vw, 1009px\" \/><\/a><\/figure>\n<\/figure>\n<\/div>\n\n\n\n<div class=\"wp-block-column is-layout-flow wp-block-column-is-layout-flow\" style=\"flex-basis:66.66%\">\n<h5 class=\"wp-block-heading\"><strong>Abg. Bonifacio Rojas Zeballos<\/strong><\/h5>\n\n\n\n<p class=\"has-text-align-left\">Juez Penal de Sentencia N\u00ba 6<\/p>\n<\/div>\n<\/div>\n<\/div><\/div>\n","protected":false},"excerpt":{"rendered":"<p>Informaci\u00f3n General El Tribunal de Sentencia en el fuero penal puede estar integrado por un solo juez (unipersonal) o por tres jueces (tribunal, propiamente tal), ambos tienen atribuciones espec\u00edficas dentro del \u00e1mbito de su competencia, as\u00ed,&nbsp;el tribunal unipersonal tiene las siguientes funciones: 1) resolver los juicios por hechos punibles cuya [&hellip;]<\/p>\n","protected":false},"author":1,"featured_media":0,"parent":0,"menu_order":0,"comment_status":"closed","ping_status":"closed","template":"","meta":{"footnotes":""},"class_list":["post-600","page","type-page","status-publish","hentry"],"_links":{"self":[{"href":"https:\/\/pjcanindeyu.gov.py\/index.php?rest_route=\/wp\/v2\/pages\/600","targetHints":{"allow":["GET"]}}],"collection":[{"href":"https:\/\/pjcanindeyu.gov.py\/index.php?rest_route=\/wp\/v2\/pages"}],"about":[{"href":"https:\/\/pjcanindeyu.gov.py\/index.php?rest_route=\/wp\/v2\/types\/page"}],"author":[{"embeddable":true,"href":"https:\/\/pjcanindeyu.gov.py\/index.php?rest_route=\/wp\/v2\/users\/1"}],"replies":[{"embeddable":true,"href":"https:\/\/pjcanindeyu.gov.py\/index.php?rest_route=%2Fwp%2Fv2%2Fcomments&post=600"}],"version-history":[{"count":5,"href":"https:\/\/pjcanindeyu.gov.py\/index.php?rest_route=\/wp\/v2\/pages\/600\/revisions"}],"predecessor-version":[{"id":3040,"href":"https:\/\/pjcanindeyu.gov.py\/index.php?rest_route=\/wp\/v2\/pages\/600\/revisions\/3040"}],"wp:attachment":[{"href":"https:\/\/pjcanindeyu.gov.py\/index.php?rest_route=%2Fwp%2Fv2%2Fmedia&parent=600"}],"curies":[{"name":"wp","href":"https:\/\/api.w.org\/{rel}","templated":true}]}}